{"id":30834,"date":"2024-02-20T12:25:47","date_gmt":"2024-02-20T11:25:47","guid":{"rendered":"https:\/\/www.genesi-elettronica.com\/landing-page-thomas_ita\/"},"modified":"2026-03-30T11:41:03","modified_gmt":"2026-03-30T09:41:03","slug":"thl-tec-services","status":"publish","type":"page","link":"https:\/\/www.genesi-elettronica.com\/it\/thl-tec-services\/","title":{"rendered":"thl-tec services"},"content":{"rendered":"\t\t<div data-elementor-type=\"wp-page\" data-elementor-id=\"30834\" class=\"elementor elementor-30834 elementor-12451\">\n\t\t\t\t<div class=\"elementor-element elementor-element-5636731 e-flex e-con-boxed e-con e-parent\" data-id=\"5636731\" data-element_type=\"container\" data-e-type=\"container\" data-settings=\"{&quot;background_background&quot;:&quot;classic&quot;,&quot;wcf_enable_cursor_hover_effect_text&quot;:&quot;View&quot;,&quot;wcf_pin_breakpoint&quot;:&quot;mobile&quot;,&quot;wcf-animation&quot;:&quot;none&quot;}\">\n\t\t\t\t\t<div class=\"e-con-inner\">\n\t\t\t\t<div class=\"elementor-element elementor-element-f11a648 elementor-absolute elementor-widget elementor-widget-wcf--image\" data-id=\"f11a648\" data-element_type=\"widget\" data-e-type=\"widget\" data-settings=\"{&quot;_position&quot;:&quot;absolute&quot;,&quot;wcf-image-animation&quot;:&quot;none&quot;,&quot;wcf-animation&quot;:&quot;none&quot;}\" data-widget_type=\"wcf--image.default\">\n\t\t\t\t<div class=\"elementor-widget-container\">\n\t\t\t\t\t\t\t<div class=\"wcf--image\">\r\n\t\t\t<img fetchpriority=\"high\" decoding=\"async\" width=\"320\" height=\"372\" src=\"https:\/\/www.genesi-elettronica.com\/wp-content\/uploads\/2024\/03\/shape-3.png\" class=\"attachment-full size-full wp-image-15670\" alt=\"\" srcset=\"https:\/\/www.genesi-elettronica.com\/wp-content\/uploads\/2024\/03\/shape-3.png 320w, https:\/\/www.genesi-elettronica.com\/wp-content\/uploads\/2024\/03\/shape-3-258x300.png 258w\" sizes=\"(max-width: 320px) 100vw, 320px\" \/>\t\t<\/div>\r\n\t\t\t\t\t\t<\/div>\n\t\t\t\t<\/div>\n\t\t<div class=\"elementor-element elementor-element-5e5771f e-con-full e-flex e-con e-child\" data-id=\"5e5771f\" data-element_type=\"container\" data-e-type=\"container\" data-settings=\"{&quot;wcf_enable_cursor_hover_effect_text&quot;:&quot;View&quot;,&quot;wcf_pin_breakpoint&quot;:&quot;mobile&quot;,&quot;wcf-animation&quot;:&quot;none&quot;}\">\n\t\t\t\t<div class=\"elementor-element elementor-element-ed29548 wcf-t-animation-text_move elementor-widget elementor-widget-wcf--title\" data-id=\"ed29548\" data-element_type=\"widget\" data-e-type=\"widget\" data-settings=\"{&quot;wcf_text_animation&quot;:&quot;text_move&quot;,&quot;text_delay&quot;:0.5,&quot;text_on_scroll&quot;:&quot;yes&quot;,&quot;text_animation_breakpoint&quot;:&quot;mobile&quot;,&quot;text_breakpoint_min_max&quot;:&quot;min&quot;,&quot;wcf-animation&quot;:&quot;none&quot;}\" data-widget_type=\"wcf--title.default\">\n\t\t\t\t<div class=\"elementor-widget-container\">\n\t\t\t\t\t<h1 class=\"wcf--title\">Illuminazione LED per Machine Vision nel mercato DACH <\/h1>\t\t\t\t<\/div>\n\t\t\t\t<\/div>\n\t\t\t\t<\/div>\n\t\t\t\t\t<\/div>\n\t\t\t\t<\/div>\n\t\t<div class=\"elementor-element elementor-element-25a6d8e e-flex e-con-boxed e-con e-parent\" data-id=\"25a6d8e\" data-element_type=\"container\" data-e-type=\"container\" data-settings=\"{&quot;wcf_enable_cursor_hover_effect_text&quot;:&quot;View&quot;,&quot;wcf_pin_breakpoint&quot;:&quot;mobile&quot;,&quot;wcf-animation&quot;:&quot;none&quot;}\">\n\t\t\t\t\t<div class=\"e-con-inner\">\n\t\t\t\t<div class=\"elementor-element elementor-element-01cb5ee wcf-t-animation-text_move elementor-widget__width-initial elementor-widget elementor-widget-wcf--text\" data-id=\"01cb5ee\" data-element_type=\"widget\" data-e-type=\"widget\" data-settings=\"{&quot;wcf_text_animation&quot;:&quot;text_move&quot;,&quot;text_delay&quot;:0.5,&quot;text_on_scroll&quot;:&quot;yes&quot;,&quot;text_animation_breakpoint&quot;:&quot;mobile&quot;,&quot;text_breakpoint_min_max&quot;:&quot;min&quot;,&quot;wcf-animation&quot;:&quot;none&quot;}\" data-widget_type=\"wcf--text.default\">\n\t\t\t\t<div class=\"elementor-widget-container\">\n\t\t\t\t\t<div class=\"wcf--text\"><p data-start=\"59\" data-end=\"375\">Marzo 2026 segna l\u2019inizio di una nuova e strategica partnership tra <strong>Genesi Elettronica<\/strong> e <strong>THL-Tec Services<\/strong>, societ\u00e0 tedesca di consulenza ingegneristica. Guidata da <strong>Thomas Leitner<\/strong>, tecnico commerciale con oltre 30 anni di esperienza nel settore dell\u2019automazione industriale, THL-Tec Services diventa il nostro punto di riferimento diretto per il mercato DACH.<\/p><\/div>\t\t\t\t<\/div>\n\t\t\t\t<\/div>\n\t\t\t\t\t<\/div>\n\t\t\t\t<\/div>\n\t\t<div class=\"elementor-element elementor-element-094c197 e-flex e-con-boxed e-con e-parent\" data-id=\"094c197\" data-element_type=\"container\" data-e-type=\"container\" data-settings=\"{&quot;wcf_enable_cursor_hover_effect_text&quot;:&quot;View&quot;,&quot;wcf_pin_breakpoint&quot;:&quot;mobile&quot;,&quot;wcf-animation&quot;:&quot;none&quot;}\">\n\t\t\t\t\t<div class=\"e-con-inner\">\n\t\t\t\t<div class=\"elementor-element elementor-element-11a2454 elementor-widget__width-initial elementor-widget elementor-widget-image\" data-id=\"11a2454\" data-element_type=\"widget\" data-e-type=\"widget\" data-settings=\"{&quot;wcf-image-animation&quot;:&quot;none&quot;,&quot;wcf-animation&quot;:&quot;none&quot;}\" data-widget_type=\"image.default\">\n\t\t\t\t<div class=\"elementor-widget-container\">\n\t\t\t\t\t\t\t\t\t\t\t\t\t\t\t<img decoding=\"async\" width=\"800\" height=\"492\" src=\"https:\/\/www.genesi-elettronica.com\/wp-content\/uploads\/2026\/03\/Grafica-Thomas-landing-page-2-1024x630.png\" class=\"attachment-large size-large wp-image-30825\" alt=\"Grafica Thomas landing page\" srcset=\"https:\/\/www.genesi-elettronica.com\/wp-content\/uploads\/2026\/03\/Grafica-Thomas-landing-page-2-1024x630.png 1024w, https:\/\/www.genesi-elettronica.com\/wp-content\/uploads\/2026\/03\/Grafica-Thomas-landing-page-2-300x185.png 300w, https:\/\/www.genesi-elettronica.com\/wp-content\/uploads\/2026\/03\/Grafica-Thomas-landing-page-2-768x473.png 768w, https:\/\/www.genesi-elettronica.com\/wp-content\/uploads\/2026\/03\/Grafica-Thomas-landing-page-2-1536x945.png 1536w, https:\/\/www.genesi-elettronica.com\/wp-content\/uploads\/2026\/03\/Grafica-Thomas-landing-page-2-2048x1260.png 2048w\" sizes=\"(max-width: 800px) 100vw, 800px\" \/>\t\t\t\t\t\t\t\t\t\t\t\t\t\t\t<\/div>\n\t\t\t\t<\/div>\n\t\t\t\t\t<\/div>\n\t\t\t\t<\/div>\n\t\t<div class=\"elementor-element elementor-element-868ba23 e-flex e-con-boxed e-con e-parent\" data-id=\"868ba23\" data-element_type=\"container\" data-e-type=\"container\" data-settings=\"{&quot;wcf_enable_cursor_hover_effect_text&quot;:&quot;View&quot;,&quot;wcf_pin_breakpoint&quot;:&quot;mobile&quot;,&quot;wcf-animation&quot;:&quot;none&quot;}\">\n\t\t\t\t\t<div class=\"e-con-inner\">\n\t\t\t\t<div class=\"elementor-element elementor-element-81bd1a2 wcf-t-animation-none elementor-widget elementor-widget-text-editor\" data-id=\"81bd1a2\" data-element_type=\"widget\" data-e-type=\"widget\" data-settings=\"{&quot;wcf_text_animation&quot;:&quot;none&quot;,&quot;wcf-animation&quot;:&quot;none&quot;}\" data-widget_type=\"text-editor.default\">\n\t\t\t\t<div class=\"elementor-widget-container\">\n\t\t\t\t\t\t\t\t\t<p><strong>Oltre 30 anni di innovazione nella machine vision<\/strong><br>Genesi Elettronica si distingue per un forte know-how progettuale, flessibilit\u00e0 nello sviluppo di soluzioni su misura un\u2019elevata qualit\u00e0 costruttiva. L\u2019azienda offre un\u2019ampia gamma di sistemi di illuminazione LED e schede elettroniche, progettati per garantire affidabilit\u00e0, continuit\u00e0 operativa e prestazioni costanti nel tempo. La capacit\u00e0 di affiancare il cliente in tutte le fasi, dall\u2019analisi dell\u2019applicazione alla realizzazione su misura, rappresenta uno dei principali punti di forza, insieme a un approccio orientato all\u2019innovazione e alla risoluzione concreta delle esigenze industriali.<\/p><p><strong>Un partner locale al tuo fianco<\/strong><br>Grazie alla presenza diretta in Germania, Austria e Svizzera, puoi contare su un servizio tecnico-commerciale continuo e su assistenza in loco. Supportiamo integratori di sistemi, costruttori di macchinari e aziende manifatturiere che utilizzano sistemi di visione artificiale, aiutandoli a identificare la soluzione di illuminazione pi\u00f9 adatta alle loro specifiche esigenze applicative.<\/p>\t\t\t\t\t\t\t\t<\/div>\n\t\t\t\t<\/div>\n\t\t\t\t\t<\/div>\n\t\t\t\t<\/div>\n\t\t<div class=\"elementor-element elementor-element-04ee139 e-flex e-con-boxed e-con e-parent\" data-id=\"04ee139\" data-element_type=\"container\" data-e-type=\"container\" data-settings=\"{&quot;wcf_enable_cursor_hover_effect_text&quot;:&quot;View&quot;,&quot;wcf_pin_breakpoint&quot;:&quot;mobile&quot;,&quot;wcf-animation&quot;:&quot;none&quot;}\">\n\t\t\t\t\t<div class=\"e-con-inner\">\n\t\t\t\t<div class=\"elementor-element elementor-element-699f4c3 elementor-widget elementor-widget-image\" data-id=\"699f4c3\" data-element_type=\"widget\" data-e-type=\"widget\" data-settings=\"{&quot;wcf-image-animation&quot;:&quot;none&quot;,&quot;wcf-animation&quot;:&quot;none&quot;}\" data-widget_type=\"image.default\">\n\t\t\t\t<div class=\"elementor-widget-container\">\n\t\t\t\t\t\t\t\t\t\t\t\t\t\t\t<img decoding=\"async\" width=\"800\" height=\"492\" src=\"https:\/\/www.genesi-elettronica.com\/wp-content\/uploads\/2026\/03\/genesi-team-Linkedin-1-1024x630.png\" class=\"attachment-large size-large wp-image-30826\" alt=\"genesi team Linkedin\" srcset=\"https:\/\/www.genesi-elettronica.com\/wp-content\/uploads\/2026\/03\/genesi-team-Linkedin-1-1024x630.png 1024w, https:\/\/www.genesi-elettronica.com\/wp-content\/uploads\/2026\/03\/genesi-team-Linkedin-1-300x185.png 300w, https:\/\/www.genesi-elettronica.com\/wp-content\/uploads\/2026\/03\/genesi-team-Linkedin-1-768x473.png 768w, https:\/\/www.genesi-elettronica.com\/wp-content\/uploads\/2026\/03\/genesi-team-Linkedin-1-1536x945.png 1536w, https:\/\/www.genesi-elettronica.com\/wp-content\/uploads\/2026\/03\/genesi-team-Linkedin-1-2048x1260.png 2048w\" sizes=\"(max-width: 800px) 100vw, 800px\" \/>\t\t\t\t\t\t\t\t\t\t\t\t\t\t\t<\/div>\n\t\t\t\t<\/div>\n\t\t\t\t\t<\/div>\n\t\t\t\t<\/div>\n\t\t<div class=\"elementor-element elementor-element-63eacde e-flex e-con-boxed e-con e-parent\" data-id=\"63eacde\" data-element_type=\"container\" data-e-type=\"container\" data-settings=\"{&quot;background_background&quot;:&quot;classic&quot;,&quot;wcf_enable_cursor_hover_effect_text&quot;:&quot;View&quot;,&quot;wcf_pin_breakpoint&quot;:&quot;mobile&quot;,&quot;wcf-animation&quot;:&quot;none&quot;}\">\n\t\t\t\t\t<div class=\"e-con-inner\">\n\t\t<div class=\"elementor-element elementor-element-ade033a e-flex e-con-boxed e-con e-child\" data-id=\"ade033a\" data-element_type=\"container\" data-e-type=\"container\" data-settings=\"{&quot;wcf_enable_cursor_hover_effect_text&quot;:&quot;View&quot;,&quot;wcf_pin_breakpoint&quot;:&quot;mobile&quot;,&quot;wcf-animation&quot;:&quot;none&quot;}\">\n\t\t\t\t\t<div class=\"e-con-inner\">\n\t\t\t\t<div class=\"elementor-element elementor-element-0017079 wcf-t-animation-text_move elementor-widget__width-initial elementor-widget-mobile__width-inherit elementor-widget elementor-widget-wcf--title\" data-id=\"0017079\" data-element_type=\"widget\" data-e-type=\"widget\" data-settings=\"{&quot;wcf_text_animation&quot;:&quot;text_move&quot;,&quot;text_delay&quot;:0.5,&quot;text_on_scroll&quot;:&quot;yes&quot;,&quot;text_animation_breakpoint&quot;:&quot;mobile&quot;,&quot;text_breakpoint_min_max&quot;:&quot;min&quot;,&quot;wcf-animation&quot;:&quot;none&quot;}\" data-widget_type=\"wcf--title.default\">\n\t\t\t\t<div class=\"elementor-widget-container\">\n\t\t\t\t\t<h2 class=\"wcf--title\">Massimizza le performance dei tuoi sistemi di visione<\/h2>\t\t\t\t<\/div>\n\t\t\t\t<\/div>\n\t\t\t\t\t<\/div>\n\t\t\t\t<\/div>\n\t\t<div class=\"elementor-element elementor-element-15b5ed0 e-flex e-con-boxed e-con e-child\" data-id=\"15b5ed0\" data-element_type=\"container\" data-e-type=\"container\" data-settings=\"{&quot;wcf_enable_cursor_hover_effect_text&quot;:&quot;View&quot;,&quot;wcf_pin_breakpoint&quot;:&quot;mobile&quot;,&quot;wcf-animation&quot;:&quot;none&quot;}\">\n\t\t\t\t\t<div class=\"e-con-inner\">\n\t\t<div class=\"elementor-element elementor-element-0351030 e-con-full e-flex e-con e-child\" data-id=\"0351030\" data-element_type=\"container\" data-e-type=\"container\" data-settings=\"{&quot;wcf_enable_cursor_hover_effect_text&quot;:&quot;View&quot;,&quot;wcf_pin_breakpoint&quot;:&quot;mobile&quot;,&quot;wcf-animation&quot;:&quot;none&quot;}\">\n\t\t\t\t<div data-speed=\"0.9\" class=\"elementor-element elementor-element-2f43d67 elementor-widget elementor-widget-wcf--image\" data-id=\"2f43d67\" data-element_type=\"widget\" data-e-type=\"widget\" data-settings=\"{&quot;wcf-animation&quot;:&quot;fade&quot;,&quot;on-scroll&quot;:&quot;1&quot;,&quot;fade-from&quot;:&quot;bottom&quot;,&quot;wcf-image-animation&quot;:&quot;reveal&quot;,&quot;image-ease&quot;:&quot;power2.out&quot;,&quot;delay&quot;:0.5,&quot;data-duration&quot;:1.5,&quot;ease&quot;:&quot;power2.out&quot;,&quot;fade-offset&quot;:50,&quot;fade_animation_breakpoint&quot;:&quot;mobile&quot;,&quot;fade_breakpoint_min_max&quot;:&quot;min&quot;}\" data-widget_type=\"wcf--image.default\">\n\t\t\t\t<div class=\"elementor-widget-container\">\n\t\t\t\t\t\t\t<div class=\"wcf--image\">\r\n\t\t\t<img loading=\"lazy\" decoding=\"async\" width=\"1920\" height=\"1080\" src=\"https:\/\/www.genesi-elettronica.com\/wp-content\/uploads\/2024\/03\/Hammer-IMS.png\" class=\"attachment-full size-full wp-image-27760\" alt=\"Immagine case study hammer\" srcset=\"https:\/\/www.genesi-elettronica.com\/wp-content\/uploads\/2024\/03\/Hammer-IMS.png 1920w, https:\/\/www.genesi-elettronica.com\/wp-content\/uploads\/2024\/03\/Hammer-IMS-300x169.png 300w, https:\/\/www.genesi-elettronica.com\/wp-content\/uploads\/2024\/03\/Hammer-IMS-1024x576.png 1024w, https:\/\/www.genesi-elettronica.com\/wp-content\/uploads\/2024\/03\/Hammer-IMS-768x432.png 768w, https:\/\/www.genesi-elettronica.com\/wp-content\/uploads\/2024\/03\/Hammer-IMS-1536x864.png 1536w\" sizes=\"(max-width: 1920px) 100vw, 1920px\" \/>\t\t<\/div>\r\n\t\t\t\t\t\t<\/div>\n\t\t\t\t<\/div>\n\t\t\t\t<\/div>\n\t\t<div class=\"elementor-element elementor-element-a12d1b1 e-con-full e-flex e-con e-child\" data-id=\"a12d1b1\" data-element_type=\"container\" data-e-type=\"container\" data-settings=\"{&quot;wcf_enable_cursor_hover_effect_text&quot;:&quot;View&quot;,&quot;wcf_pin_breakpoint&quot;:&quot;mobile&quot;,&quot;wcf-animation&quot;:&quot;none&quot;}\">\n\t\t\t\t<div class=\"elementor-element elementor-element-7570dff wcf-t-animation-text_move elementor-widget__width-initial elementor-widget-tablet__width-initial elementor-widget-mobile_extra__width-inherit elementor-widget elementor-widget-wcf--text\" data-id=\"7570dff\" data-element_type=\"widget\" data-e-type=\"widget\" data-settings=\"{&quot;wcf_text_animation&quot;:&quot;text_move&quot;,&quot;text_delay&quot;:0.5,&quot;text_on_scroll&quot;:&quot;yes&quot;,&quot;text_animation_breakpoint&quot;:&quot;mobile&quot;,&quot;text_breakpoint_min_max&quot;:&quot;min&quot;,&quot;wcf-animation&quot;:&quot;none&quot;}\" data-widget_type=\"wcf--text.default\">\n\t\t\t\t<div class=\"elementor-widget-container\">\n\t\t\t\t\t<div class=\"wcf--text\"><p>In un contesto industriale sempre pi\u00f9 competitivo, l\u2019illuminazione gioca un ruolo chiave nel garantire precisione e affidabilit\u00e0. Le soluzioni LED di Genesi Elettronica sono progettate per offrire elevate performance, stabilit\u00e0 nel tempo e massima adattabilit\u00e0 anche nelle applicazioni pi\u00f9 complesse.<\/p><\/div>\t\t\t\t<\/div>\n\t\t\t\t<\/div>\n\t\t\t\t<\/div>\n\t\t\t\t\t<\/div>\n\t\t\t\t<\/div>\n\t\t\t\t\t<\/div>\n\t\t\t\t<\/div>\n\t\t<div class=\"elementor-element elementor-element-f32ba28 e-flex e-con-boxed e-con e-parent\" data-id=\"f32ba28\" data-element_type=\"container\" data-e-type=\"container\" data-settings=\"{&quot;wcf_enable_cursor_hover_effect_text&quot;:&quot;View&quot;,&quot;wcf_pin_breakpoint&quot;:&quot;mobile&quot;,&quot;wcf-animation&quot;:&quot;none&quot;}\">\n\t\t\t\t\t<div class=\"e-con-inner\">\n\t\t<div class=\"elementor-element elementor-element-bcb4468 e-con-full e-flex e-con e-child\" data-id=\"bcb4468\" data-element_type=\"container\" data-e-type=\"container\" data-settings=\"{&quot;background_background&quot;:&quot;classic&quot;,&quot;wcf_enable_cursor_hover_effect_text&quot;:&quot;View&quot;,&quot;wcf_pin_breakpoint&quot;:&quot;mobile&quot;,&quot;wcf-animation&quot;:&quot;none&quot;}\">\n\t\t\t\t<div class=\"elementor-element elementor-element-e792cfa wcf-t-animation-text_move elementor-widget__width-initial elementor-widget elementor-widget-wcf--title\" data-id=\"e792cfa\" data-element_type=\"widget\" data-e-type=\"widget\" data-settings=\"{&quot;wcf_text_animation&quot;:&quot;text_move&quot;,&quot;text_delay&quot;:0.5,&quot;text_on_scroll&quot;:&quot;yes&quot;,&quot;text_animation_breakpoint&quot;:&quot;mobile&quot;,&quot;text_breakpoint_min_max&quot;:&quot;min&quot;,&quot;wcf-animation&quot;:&quot;none&quot;}\" data-widget_type=\"wcf--title.default\">\n\t\t\t\t<div class=\"elementor-widget-container\">\n\t\t\t\t\t<h3 class=\"wcf--title\">Contattaci e scopri la soluzione giusta per te<\/h3>\t\t\t\t<\/div>\n\t\t\t\t<\/div>\n\t\t\t\t<div class=\"elementor-element elementor-element-efdd94b wcf-t-animation-text_move elementor-widget elementor-widget-wcf--text\" data-id=\"efdd94b\" data-element_type=\"widget\" data-e-type=\"widget\" data-settings=\"{&quot;wcf_text_animation&quot;:&quot;text_move&quot;,&quot;text_delay&quot;:0.5,&quot;text_on_scroll&quot;:&quot;yes&quot;,&quot;text_animation_breakpoint&quot;:&quot;mobile&quot;,&quot;text_breakpoint_min_max&quot;:&quot;min&quot;,&quot;wcf-animation&quot;:&quot;none&quot;}\" data-widget_type=\"wcf--text.default\">\n\t\t\t\t<div class=\"elementor-widget-container\">\n\t\t\t\t\t<div class=\"wcf--text\"><p>Se operi nel mercato DACH, scrivi a <span style=\"text-decoration: underline;\"><a href=\"mailto:info@thl-tec.de\" target=\"_blank\" rel=\"noopener\">info@thl-tec.de<\/a><\/span> e parla direttamente con il tuo referente locale.<\/p><\/div>\t\t\t\t<\/div>\n\t\t\t\t<\/div>\n\t\t\t\t<div class=\"elementor-element elementor-element-c9c65c5 elementor-widget elementor-widget-wcf--button\" data-id=\"c9c65c5\" data-element_type=\"widget\" data-e-type=\"widget\" data-settings=\"{&quot;wcf-animation&quot;:&quot;fade&quot;,&quot;on-scroll&quot;:&quot;1&quot;,&quot;delay&quot;:0.5,&quot;fade-from&quot;:&quot;top&quot;,&quot;data-duration&quot;:1.5,&quot;ease&quot;:&quot;power2.out&quot;,&quot;fade-offset&quot;:50,&quot;fade_animation_breakpoint&quot;:&quot;mobile&quot;,&quot;fade_breakpoint_min_max&quot;:&quot;min&quot;}\" data-widget_type=\"wcf--button.default\">\n\t\t\t\t<div class=\"elementor-widget-container\">\n\t\t\t\t\t        <div class=\"wcf__btn icon-position-after\">\r\n\t\t\t            <div class=\"btn-wrapper\">\r\n\t\t\t\t                <a href=\"https:\/\/thl-tec.de\/\" target=\"_blank\" class=\"wcf-btn-circle btn-item btn-hover-bgchange\">\r\n\t\t\t\t\t\t\t\t\t\tScopri il sito THL!                <\/a>\r\n\t\t\t\t            <\/div>\r\n\t\t        <\/div>\r\n\t\t\t\t\t\t<\/div>\n\t\t\t\t<\/div>\n\t\t\t\t<\/div>\n\t\t\t\t\t<\/div>\n\t\t\t\t<\/div>\n\t\t\t\t<\/div>\n\t\t","protected":false},"excerpt":{"rendered":"<p>Illuminazione LED per Machine Vision nel mercato DACH Marzo 2026 segna l\u2019inizio di una nuova e strategica partnership tra Genesi Elettronica e THL-Tec Services, societ\u00e0 tedesca di consulenza ingegneristica. Guidata da Thomas Leitner, tecnico commerciale con oltre 30 anni di esperienza nel settore dell\u2019automazione industriale, THL-Tec Services diventa il nostro punto di riferimento diretto per [&hellip;]<\/p>\n","protected":false},"author":1,"featured_media":0,"parent":0,"menu_order":39,"comment_status":"closed","ping_status":"closed","template":"elementor_header_footer","meta":{"_acf_changed":false,"footnotes":""},"class_list":["post-30834","page","type-page","status-publish","hentry"],"acf":[],"_links":{"self":[{"href":"https:\/\/www.genesi-elettronica.com\/it\/wp-json\/wp\/v2\/pages\/30834","targetHints":{"allow":["GET"]}}],"collection":[{"href":"https:\/\/www.genesi-elettronica.com\/it\/wp-json\/wp\/v2\/pages"}],"about":[{"href":"https:\/\/www.genesi-elettronica.com\/it\/wp-json\/wp\/v2\/types\/page"}],"author":[{"embeddable":true,"href":"https:\/\/www.genesi-elettronica.com\/it\/wp-json\/wp\/v2\/users\/1"}],"replies":[{"embeddable":true,"href":"https:\/\/www.genesi-elettronica.com\/it\/wp-json\/wp\/v2\/comments?post=30834"}],"version-history":[{"count":11,"href":"https:\/\/www.genesi-elettronica.com\/it\/wp-json\/wp\/v2\/pages\/30834\/revisions"}],"predecessor-version":[{"id":30861,"href":"https:\/\/www.genesi-elettronica.com\/it\/wp-json\/wp\/v2\/pages\/30834\/revisions\/30861"}],"wp:attachment":[{"href":"https:\/\/www.genesi-elettronica.com\/it\/wp-json\/wp\/v2\/media?parent=30834"}],"curies":[{"name":"wp","href":"https:\/\/api.w.org\/{rel}","templated":true}]}}